{"id":28,"date":"2012-03-16T16:01:40","date_gmt":"2012-03-16T16:01:40","guid":{"rendered":"http:\/\/www.taekwondo-radebeul.de\/wordpress\/?page_id=28"},"modified":"2023-02-24T14:03:37","modified_gmt":"2023-02-24T14:03:37","slug":"grossmeister-kwon","status":"publish","type":"page","link":"https:\/\/www.taekwondo-radebeul.de\/wordpress\/grossmeister-kwon\/","title":{"rendered":"Gro\u00dfmeister Kwon"},"content":{"rendered":"\n<figure class=\"wp-block-image size-full\"><img decoding=\"async\" loading=\"lazy\" width=\"150\" height=\"219\" src=\"https:\/\/www.taekwondo-radebeul.de\/wordpress\/wp-content\/uploads\/2012\/03\/kwon.jpg\" alt=\"\" class=\"wp-image-70\"\/><\/figure>\n\n\n\n<p><strong>Die 1. Taekwondoschule Radebeul ist eine vom Freistaat Sachsen anerkannte Ausbildungsst\u00e4tte.<\/strong><\/p>\n\n\n\n<p>Der Gr\u00fcnder unseres Taekwon-Do Systems ist Gro\u00dfmeister Kwon, Jae-Hwa.<br>Er wurde 1937 in Pusan geboren. Seit fr\u00fchester Jugend an widmete er sein Leben der Aufgabe das traditionelle Taekwon-Do in der Welt zu verbreiten.<\/p>\n\n\n\n<p>Unter anderem war Gro\u00dfmeister Kwon 1972 offizieller Bundestrainer des Taekwon-Do in Deutschland und war somit auch ma\u00dfgeblich hier an der Verbreitung des Taekwon-Do beteiligt. Sp\u00e4ter gr\u00fcndete Gro\u00dfmeister Kwon seinen eigenen Verband, dem \u00fcber 70 Schulen in Deutschland angeh\u00f6ren. Die 1.Taekwon-Do Schule in Radebeul und die Schulen <a title=\"Taekwon-Do Center Dresden\" href=\"http:\/\/www.taekwon-do-center-dresden.de\/\" target=\"_blank\" rel=\"noopener\">Taekwon-Do Center Dresden<\/a> und <a title=\"Taekwon-Do Center Pirna\" href=\"http:\/\/www.taekwondo-pirna.de\/\" target=\"_blank\" rel=\"noopener\">Taekwon-Do Center Pirna<\/a> geh\u00f6rten ebenfalls zur Kwon, Jae-Hwa Taekwon-do Federation Germany.<\/p>\n\n\n\n<p>Seit 2015 geh\u00f6ren wir dem TTC Verband in Deutschland an. Der TTC ist ein neugegr\u00fcndeter Verein, der auf Basis des Traditionellem Taekwondo nach Meister Kwon lehrt.<\/p>\n\n\n\n<p>Umfangreiche Informationen zum Verein finden Sie unter: Traditionelle Taekwondo Center e.V.<\/p>\n","protected":false},"excerpt":{"rendered":"<p>Die 1. Taekwondoschule Radebeul ist eine vom Freistaat Sachsen anerkannte Ausbildungsst\u00e4tte. Der Gr\u00fcnder unseres Taekwon-Do Systems ist Gro\u00dfmeister Kwon, Jae-Hwa.Er wurde 1937 in Pusan geboren. Seit fr\u00fchester Jugend an widmete er sein Leben der Aufgabe das traditionelle Taekwon-Do in der &hellip; <a href=\"https:\/\/www.taekwondo-radebeul.de\/wordpress\/grossmeister-kwon\/\">Weiterlesen <span class=\"meta-nav\">&rarr;<\/span><\/a><\/p>\n","protected":false},"author":1,"featured_media":0,"parent":0,"menu_order":2,"comment_status":"closed","ping_status":"closed","template":"","meta":[],"_links":{"self":[{"href":"https:\/\/www.taekwondo-radebeul.de\/wordpress\/wp-json\/wp\/v2\/pages\/28"}],"collection":[{"href":"https:\/\/www.taekwondo-radebeul.de\/wordpress\/wp-json\/wp\/v2\/pages"}],"about":[{"href":"https:\/\/www.taekwondo-radebeul.de\/wordpress\/wp-json\/wp\/v2\/types\/page"}],"author":[{"embeddable":true,"href":"https:\/\/www.taekwondo-radebeul.de\/wordpress\/wp-json\/wp\/v2\/users\/1"}],"replies":[{"embeddable":true,"href":"https:\/\/www.taekwondo-radebeul.de\/wordpress\/wp-json\/wp\/v2\/comments?post=28"}],"version-history":[{"count":15,"href":"https:\/\/www.taekwondo-radebeul.de\/wordpress\/wp-json\/wp\/v2\/pages\/28\/revisions"}],"predecessor-version":[{"id":702,"href":"https:\/\/www.taekwondo-radebeul.de\/wordpress\/wp-json\/wp\/v2\/pages\/28\/revisions\/702"}],"wp:attachment":[{"href":"https:\/\/www.taekwondo-radebeul.de\/wordpress\/wp-json\/wp\/v2\/media?parent=28"}],"curies":[{"name":"wp","href":"https:\/\/api.w.org\/{rel}","templated":true}]}}