{"id":30,"date":"2012-03-16T16:03:51","date_gmt":"2012-03-16T16:03:51","guid":{"rendered":"http:\/\/www.taekwondo-radebeul.de\/wordpress\/?page_id=30"},"modified":"2025-09-13T08:57:58","modified_gmt":"2025-09-13T08:57:58","slug":"meisterin-und-schulleiterin","status":"publish","type":"page","link":"https:\/\/www.taekwondo-radebeul.de\/wordpress\/meisterin-und-schulleiterin\/","title":{"rendered":"Meisterin und Schulleiterin"},"content":{"rendered":"<p><strong>Meisterin Elisabeth Jahnke, 4. Dan<img decoding=\"async\" loading=\"lazy\" class=\"alignright wp-image-64 size-full\" style=\"border: none;\" title=\"Lizzy2zuschnitt_frei\" src=\"http:\/\/www.taekwondo-radebeul.de\/wordpress\/wp-content\/uploads\/2012\/03\/Lizzy2zuschnitt_frei1.png\" alt=\"\" width=\"300\" height=\"339\" srcset=\"https:\/\/www.taekwondo-radebeul.de\/wordpress\/wp-content\/uploads\/2012\/03\/Lizzy2zuschnitt_frei1.png 300w, https:\/\/www.taekwondo-radebeul.de\/wordpress\/wp-content\/uploads\/2012\/03\/Lizzy2zuschnitt_frei1-265x300.png 265w\" sizes=\"(max-width: 300px) 100vw, 300px\" \/><\/strong><\/p>\n<p><strong>12.05.2003<\/strong> Beginn mit Taekwon-Do bei Frau Sigrid Kraft 6. Dan<\/p>\n<p><strong>18.10.2003<\/strong> Hyong 2. Platz Wei\u00dfgurt<\/p>\n<p><strong>13.12.2003<\/strong> Hyong \u00a03. Platz Gelbgurt<\/p>\n<p><strong>13.12.2003<\/strong> Bruchtest\u00a02. Platz Gelbgurt<\/p>\n<p><strong>02.05.2009<\/strong> Pr\u00fcfung <strong>1. Dan\u00a0<\/strong>bei Gro\u00dfmeister Kwon, Jae-Hwa 7.Dan<\/p>\n<p><strong>Ende 2009<\/strong> Trainer C Lizenz<\/p>\n<p><strong>Ende 2009<\/strong> Ersthelfer Kurs<\/p>\n<p><strong>Seit 2010<\/strong> Gr\u00fcndung und Leitung von 6 Taekwon-Do Gruppen an Dresdner Schulen.<\/p>\n<p><strong>Anfang 2010<\/strong> Beginn mit Qi Gong und Taiji<\/p>\n<p><strong>02.03 2011<\/strong> Gr\u00fcndung der TKD Gruppe Radebeul<\/p>\n<p><strong>Ende 2011<\/strong> Ersthelfer Kurs<\/p>\n<p><strong>15.10.2011<\/strong> Freikampf 2. Platz Schwarzgurt<\/p>\n<p><strong>22.09.2012<\/strong> Pr\u00fcfung zum<strong> 2. Dan<\/strong> bei Gro\u00dfmeister Kwon 7.Dan<\/p>\n<p><strong>Ende 2013<\/strong> Ersthelfer Kurs<\/p>\n<p><strong>15. &#8211; 17.10.2015<\/strong> Jubil\u00e4umsveranstaltung in Bad T\u00f6lz<\/p>\n<p><strong>Ende 2015<\/strong> Ersthelfer Kurs<img decoding=\"async\" loading=\"lazy\" class=\"size-full wp-image-64 alignright\" title=\"Lizzy2zuschnitt_frei\" src=\"http:\/\/www.taekwondo-radebeul.de\/wordpress\/wp-content\/uploads\/2014\/11\/bruchtest.jpg\" alt=\"\" width=\"300\" height=\"400\" \/><\/p>\n<p><strong>05.03.2016<\/strong> Jubil\u00e4umslehrgang: 5 Jahre Taekwon-Do in Radebeul<\/p>\n<p><strong>11.3.-13.3.2016<\/strong> Seminar und Lehrg\u00e4nge in Habischried<\/p>\n<p><strong>29.03-01.04.2016<\/strong> Osterkurs 16 h Training in 4 Tagen<\/p>\n<p><strong>11.06.2016<\/strong> Lehrgang und Pr\u00fcfung zum <strong>3.Dan<\/strong> in Bonn<\/p>\n<p><strong>18.02.2017<\/strong> Lehrgang, Gala, L\u00e4nderkampf in Dresden<\/p>\n<p><strong>11.03.2017<\/strong> Lehrgang, Beach Seminar in Leipzig<\/p>\n<p><strong>06.05.2017<\/strong> Lehrgang in Regensburg<\/p>\n<p><strong>07.07.2017<\/strong> Beginn mit Kyusho Jitsu<\/p>\n<p><strong>11.08.2017<\/strong> Lehrgang Kyusho Jitsu<\/p>\n<p><strong>25.08.2017<\/strong> Fortbildung Erste Hilfe<\/p>\n<p><strong>23.09.2017<\/strong> Lehrgang in Eisenberg<\/p>\n<p><strong>10.5.-13.5.2018<\/strong> Trainingscamp S\u00fcdtirol Meran\/Latsch<\/p>\n<p><img decoding=\"async\" loading=\"lazy\" class=\"alignright wp-image-551 size-medium\" src=\"http:\/\/www.taekwondo-radebeul.de\/wordpress\/wp-content\/uploads\/2020\/11\/IMG-20180511-WA0003-224x300.jpg\" alt=\"\" width=\"224\" height=\"300\" srcset=\"https:\/\/www.taekwondo-radebeul.de\/wordpress\/wp-content\/uploads\/2020\/11\/IMG-20180511-WA0003-224x300.jpg 224w, https:\/\/www.taekwondo-radebeul.de\/wordpress\/wp-content\/uploads\/2020\/11\/IMG-20180511-WA0003-768x1027.jpg 768w, https:\/\/www.taekwondo-radebeul.de\/wordpress\/wp-content\/uploads\/2020\/11\/IMG-20180511-WA0003-766x1024.jpg 766w, https:\/\/www.taekwondo-radebeul.de\/wordpress\/wp-content\/uploads\/2020\/11\/IMG-20180511-WA0003.jpg 957w\" sizes=\"(max-width: 224px) 100vw, 224px\" \/><\/p>\n<p><strong>02.11.2018<\/strong> Lehrgang in Dresden<\/p>\n<p><strong>03.11.2018<\/strong>\u00a0 20. Jahre TKD Dresden und Farbgurtturnier<\/p>\n<p><strong>03.11.2018<\/strong> Schulleiteranerkennung, ab 1.1.19 ist meine Taekwon-Do Gruppe, offiziell die Taekwon-Do Schule Radebeul.<\/p>\n<p><strong>04.11.2018<\/strong> Offizielle Schuler\u00f6ffnung in Dresden-Plauen und Lehrgang<\/p>\n<p><strong>01.01.2019<\/strong> Die 1. Taekwondoschule Radebeul ist eine anerkannte Ausbildungsst\u00e4tte des Freistaat Sachsen<\/p>\n<p><strong>02.01.2019<\/strong> Pr\u00fcfungen in der Taekwon-Do Schule Radebeul.<\/p>\n<p><strong>26.01.2019<\/strong> Schulanerkennungsfeier mit Turnier und G\u00e4sten aus Pirna. Spendenaktion f\u00fcr die Kinderhilfe Siebenb\u00fcrgen. Vielen Dank f\u00fcr die grandiose Unterst\u00fctzung.<\/p>\n<p><strong>25.02.2019<\/strong> Pr\u00fcfungen in der Taekwondoschule Radebeul<\/p>\n<p><strong>28.02.2019<\/strong> Intensiv Hyong Seminar Taekwon-Do Center Dresden<\/p>\n<p><strong>01.03.2019<\/strong> Beginn Selbstverteidigungskurs f\u00fcr Senioren in Dresden<\/p>\n<p><strong>24.5.2019<\/strong> Erste Hilfe Fortbildung<\/p>\n<p><strong>25.5.-26.5.2019<\/strong> Renovieren in der neuen Taekwon-Do Schule Gartenstr.70<\/p>\n<p><strong>27.5.-29.5.2019<\/strong> Reinigen, Matten verlegen und einr\u00e4umen der Schule<\/p>\n<p><strong>30.05.19 -02.06.2019<\/strong> Lehrgang und Gala im Zirkus Krone Bau M\u00fcnchen<\/p>\n<p><strong>03.06.2019<\/strong> Das Training startet am neuen Standort in Radebeul !<\/p>\n<p><strong>12.06.2019<\/strong> Pr\u00fcfungen in der neuen Schule in Radebeul<\/p>\n<p><strong>29.07.- 06.08.2019<\/strong> Trainingscamp Kroatien\u00a0\u00a0\u00a0\u00a0 <img decoding=\"async\" loading=\"lazy\" class=\"alignnone wp-image-390 size-large\" src=\"http:\/\/www.taekwondo-radebeul.de\/wordpress\/wp-content\/uploads\/2019\/08\/IMG_2829-1024x683.jpg\" alt=\"\" width=\"584\" height=\"390\" srcset=\"https:\/\/www.taekwondo-radebeul.de\/wordpress\/wp-content\/uploads\/2019\/08\/IMG_2829-1024x683.jpg 1024w, https:\/\/www.taekwondo-radebeul.de\/wordpress\/wp-content\/uploads\/2019\/08\/IMG_2829-300x200.jpg 300w, https:\/\/www.taekwondo-radebeul.de\/wordpress\/wp-content\/uploads\/2019\/08\/IMG_2829-768x512.jpg 768w, https:\/\/www.taekwondo-radebeul.de\/wordpress\/wp-content\/uploads\/2019\/08\/IMG_2829-450x300.jpg 450w\" sizes=\"(max-width: 584px) 100vw, 584px\" \/><\/p>\n<p><strong>31.08.2019<\/strong> Er\u00f6ffnungsfeier mit G\u00e4sten aus der Region, Spendenaktion f\u00fcr den Erinnerungsfond f\u00fcr Prof. Dr. Suzanne Eaton und die Kinderhilfe in Siebenb\u00fcrgen. Vielen Dank f\u00fcr die Spenden, das bedeutet mir sehr viel. Der Schmerz \u00fcber den Verlust unserer Sportkameradin ist unbeschreiblich. Suzanne, Du wirst nie vergessen. Ich danke Allen die geholfen haben diesen Tag so wunderbar zu machen.<\/p>\n<p><strong>07.10.2019<\/strong> Gelbgurtpr\u00fcfungen und Gr\u00fcngurtpr\u00fcfungen in Radebeul<\/p>\n<p><strong>22.10.2019 <\/strong>Blaugurtpr\u00fcfung und Lehrgang unter der Leitung von Frau Wollny aus Pirna 5.Dan. 5 langj\u00e4hrige und sehr flei\u00dfige Jugendliche und junge Erwachsene stellen sich an diesem Tag der Herausforderung der Blaugurtpr\u00fcfung, um am Ende des Tages mit neuer G\u00fcrtelfarbe gl\u00e4nzen zu k\u00f6nnen.<\/p>\n<p><strong>07.12.2019<\/strong> Nikolausturnier in Dresden. Sch\u00fcler aus Dresden, Dresden-Plauen ,Dippoldiswalde und Radebeul stellen sich der Herausforderung. Wir haben 13 Platzierungen erk\u00e4mpft. Ein tolles Ergebnis.<\/p>\n<p><strong>23.12.2019<\/strong> Weihnachtstraining mit anschlie\u00dfendem Essen beim Italiener.<\/p>\n<p><strong>30.12.2019<\/strong> Jahresabschlu\u00dftraining<\/p>\n<p><strong>02.01.2020<\/strong> Wir starten sofort durch, mit Pr\u00fcfungen.<\/p>\n<p><strong>19.03.2020<\/strong> Fortgeschrittenen Pr\u00fcfungen in Dresden.<\/p>\n<p><strong>20.03.2020<\/strong> Zwangsschlie\u00dfung der Taekwon-Do Schule Radebeul.<\/p>\n<p><strong>23.03.2020 <\/strong>Beginn Onlinetraining in vollem Trainingsumfang.<\/p>\n<p><strong>04.05.2020 <\/strong>Beginn mit dem Outdoortraining im Hof der Gartenstra\u00dfe 70.<\/p>\n<p><strong>18.05.2020 <\/strong>Endlich zur\u00fcck in der heiligen Halle, nach 8 Wochen.<\/p>\n<p><strong>14.08.2020 <\/strong>Messerlehrgang Kyusho Jitsu.<\/p>\n<p><strong>20.08.2020 <\/strong>Letztes Taijitraining in Dresden nach 8 Jahren.<\/p>\n<p><strong>31.08.2020 <\/strong>Ab sofort finden w\u00f6chentlich 12 h Unterricht statt. Gleichzeitig habe ich nach 11 Jahren meine Lehrt\u00e4tigkeit an Grundschulen, als AG Selbstbehauptung\/Taekwon-Do Lehrer beendet.<\/p>\n<p><strong>05.09.2020 <\/strong>Privater Umzug von Dresden nach Radebeul.<\/p>\n<p><strong>02.11.2020 <\/strong>Zweiter Lockdown, das Gruppentraining ist wieder verboten. Ab sofort Einzeltraining im Dojang.<\/p>\n<p><strong>14.12.2020<\/strong> Training in geschlossenen R\u00e4umen wird verboten. Ab sofort Einzeltraining drau\u00dfen.<\/p>\n<p><strong>30.12.2020 <\/strong>Jahresabschlusstraining mit vielen sch\u00f6nen Bruchtests. Es war ein wunderbarer Jahresabschluss. Ich danke Euch von Herzen.<\/p>\n<p><strong>16.02.2021<\/strong> Absoluter K\u00e4lterekord im Outdoordojang war -9 Grad.<\/p>\n<p><strong>02.03.2021 <\/strong>10. j\u00e4hriges Jubil\u00e4um der Taekwon-Do Gruppe\/Schule<\/p>\n<p><strong>08.03.2021 <\/strong>Heute startet die Jubil\u00e4umswoche. Wir machen jeden Tag Bruchtest und feiern so dieses besondere Jubil\u00e4um und das Outdoor-Kleingruppentraining dazu. Wir haben tolles Wetter und eine wunderbare Zeit zusammen.<\/p>\n<p><strong>15.04.2021 <\/strong>Seit \u00fcber 5 MONATEN Lockdown. Herausforderung pur. Von Herzen ein Dankesch\u00f6n an meine Sch\u00fcler.<\/p>\n<p><strong>12.05.2021 <\/strong>Auf den Tag genau, trainiere ich seit 18 Jahren, eine lange und unglaublich tolle Zeit. Noch viele Jahrzehnte werden folgen. Never never quit.<\/p>\n<p><strong>31.07.2021 <\/strong>Mein Sch\u00fcler Marcus und ich sind in DD im TKD Center zur Onlinesichtung, f\u00fcr die Danpr\u00fcfungen im Herbst. Nun steht der 1.Dan Pr\u00fcfung von Marcus und meiner 4.Dan Pr\u00fcfung nichts mehr im Weg.<\/p>\n<p><strong>09.10.2021<\/strong> Pr\u00fcfung zum <strong>4.Dan<\/strong> bei GM T. Wei\u00df 7.Dan in Dresden.<\/p>\n<p><strong>10.10.2021 <\/strong>Schulleiter\/Trainer Hyong-Lehrgang bei GM T. Wei\u00df<\/p>\n<p><strong>08.11.2021 <\/strong>Kinder Wei\u00df\/Gelb Gurt Turnier in DD<\/p>\n<p><strong>22.11.2021 <\/strong>Teillockdown, das Training ist in Indoor und Outdoor Training aufgeteilt.<\/p>\n<p><strong>03.01.2022 <\/strong>Auf ins neue Jahr 2022<\/p>\n<p><strong>12.05.2022<\/strong> 19 Jahre traditionelles Taekwon-Do.<\/p>\n<p><strong>20.05.2022<\/strong> Lehrgang in Dresden<\/p>\n<p><strong>26.06.2022 <\/strong>Lehrgang, Pr\u00fcfungen und Vorf\u00fchrung in der Schule Dresden Laubegast<\/p>\n<p><strong>24.08.2022<\/strong> Ersthelfer Kurs Erste Hilfe<\/p>\n<p><strong>17.09.2022<\/strong> Benefizveranstaltung Ingolstadt bei GM C. Moos<\/p>\n<p><strong>20.01.2023<\/strong> Lehrgang Rabenberg<\/p>\n<p><strong>21.01.2023<\/strong> Lehrg\u00e4nge und Sichtungen in Rabenberg<\/p>\n<p><strong>22.01.2023<\/strong> Danpr\u00fcfung von Klara und Patrick in Rabenberg<\/p>\n<p><strong>20.10-22.10.2023<\/strong> Lehrgang in Salzburg<\/p>\n<p><strong>01.04.2024 <\/strong>10 w\u00f6chiger TaiChi Kurs in Radebeul<\/p>\n<p><strong>04.08.2024<\/strong> Danpr\u00fcfung von Katharina und Markus in Pirna<\/p>\n<p><strong>01.08.2024<\/strong> 10 w\u00f6chiger TaiChi Kurs in Radebeul<\/p>\n<p><strong>24.10-26.10. 2024<\/strong> Vorbereitungslehrgang in Bad T\u00f6lz<\/p>\n<p><strong>27.10. 2024<\/strong> Taekwon-Do Gala im Zirkus Krone Bau in M\u00fcnchen<\/p>\n<p><strong>02.03.2025<\/strong> 14. Jahre Traditionelles Taekwon-Do in Radebeul<\/p>\n<p><strong>22.03. 2025<\/strong> Wei\u00df\/Gelbgurt Turnier in Radebeul<\/p>\n<p><strong>29.03.2025<\/strong> TKD-24h Marathon Berlin. Johann trainiert 24h durch!<\/p>\n<p><strong>01.04.2025<\/strong> 10 w\u00f6chiger TaiChi Kurs in Radebeul<\/p>\n<p><strong>05.04. 2025<\/strong> Gr\u00fcn\/Blaugurt Turnier in Dresden<\/p>\n<p><strong>12.05.2025<\/strong> Mein pers\u00f6nliches Trainingsjubil\u00e4um, 22 Jahre Traditionelles Taekwon-Do<\/p>\n<p><strong>23.08.2025<\/strong> 10 w\u00f6chiger TaiChi Kurs in Radebeul<\/p>\n<p><strong>15.11.2025<\/strong> 20 Jahres Jubil\u00e4um im TKD Center Pirna<\/p>\n<p>80 absolvierte Lehrg\u00e4nge in zahlreichen\u00a0deutschen St\u00e4dten und im Ausland.<\/p>\n","protected":false},"excerpt":{"rendered":"<p>Meisterin Elisabeth Jahnke, 4. Dan 12.05.2003 Beginn mit Taekwon-Do bei Frau Sigrid Kraft 6. Dan 18.10.2003 Hyong 2. Platz Wei\u00dfgurt 13.12.2003 Hyong \u00a03. Platz Gelbgurt 13.12.2003 Bruchtest\u00a02. Platz Gelbgurt 02.05.2009 Pr\u00fcfung 1. Dan\u00a0bei Gro\u00dfmeister Kwon, Jae-Hwa 7.Dan Ende 2009 Trainer &hellip; <a href=\"https:\/\/www.taekwondo-radebeul.de\/wordpress\/meisterin-und-schulleiterin\/\">Weiterlesen <span class=\"meta-nav\">&rarr;<\/span><\/a><\/p>\n","protected":false},"author":1,"featured_media":392,"parent":0,"menu_order":3,"comment_status":"closed","ping_status":"closed","template":"","meta":[],"_links":{"self":[{"href":"https:\/\/www.taekwondo-radebeul.de\/wordpress\/wp-json\/wp\/v2\/pages\/30"}],"collection":[{"href":"https:\/\/www.taekwondo-radebeul.de\/wordpress\/wp-json\/wp\/v2\/pages"}],"about":[{"href":"https:\/\/www.taekwondo-radebeul.de\/wordpress\/wp-json\/wp\/v2\/types\/page"}],"author":[{"embeddable":true,"href":"https:\/\/www.taekwondo-radebeul.de\/wordpress\/wp-json\/wp\/v2\/users\/1"}],"replies":[{"embeddable":true,"href":"https:\/\/www.taekwondo-radebeul.de\/wordpress\/wp-json\/wp\/v2\/comments?post=30"}],"version-history":[{"count":104,"href":"https:\/\/www.taekwondo-radebeul.de\/wordpress\/wp-json\/wp\/v2\/pages\/30\/revisions"}],"predecessor-version":[{"id":780,"href":"https:\/\/www.taekwondo-radebeul.de\/wordpress\/wp-json\/wp\/v2\/pages\/30\/revisions\/780"}],"wp:featuredmedia":[{"embeddable":true,"href":"https:\/\/www.taekwondo-radebeul.de\/wordpress\/wp-json\/wp\/v2\/media\/392"}],"wp:attachment":[{"href":"https:\/\/www.taekwondo-radebeul.de\/wordpress\/wp-json\/wp\/v2\/media?parent=30"}],"curies":[{"name":"wp","href":"https:\/\/api.w.org\/{rel}","templated":true}]}}