{"id":346,"date":"2019-03-13T08:10:23","date_gmt":"2019-03-13T08:10:23","guid":{"rendered":"http:\/\/www.taekwondo-radebeul.de\/wordpress\/?page_id=346"},"modified":"2023-02-24T14:04:10","modified_gmt":"2023-02-24T14:04:10","slug":"datenschutzerklaerung","status":"publish","type":"page","link":"https:\/\/www.taekwondo-radebeul.de\/wordpress\/datenschutzerklaerung\/","title":{"rendered":"Datenschutzerkl\u00e4rung"},"content":{"rendered":"\n<p><a href=\"http:\/\/www.taekwondo-radebeul.de\/wordpress\/wp-content\/uploads\/2019\/03\/Datenschutzerkl\u00e4rung-f\u00fcr-Radebeul.odt\">Datenschutzerkl\u00e4rung f\u00fcr Radebeul<\/a><\/p>\n\n\n\n<p>Diese Datenschutzerkl\u00e4rung liegt jeder Vertragsmappe bei.<\/p>\n\n\n\n<p>Auf meiner Website ist nichts aktiviert was ihre Daten speichert. Wenn Sie die Facebookseite anschauen und liken und kommentieren, speichert Facebook Ihre Daten. In diesem Fall bitte die Datenschutzerkl\u00e4rung von Facebook lesen.<\/p>\n\n\n\n<p>Das Plugin zum Schutz der Daten bei Google Maps stammt von <a rel=\"noreferrer noopener\" href=\"https:\/\/www.exovia.de\/\" data-type=\"URL\" data-id=\"https:\/\/www.exovia.de\/\" target=\"_blank\">exovia<\/a>.<\/p>\n\n\n\n<p>Die Datenschutzerkl\u00e4rung gilt, wenn Sie einen Vertrag mit der 1. Traditionellen Taekwon-Do Schule Radebeul eingehen. Hier ist der Umgang mit Ihren Daten geregelt.<\/p>\n","protected":false},"excerpt":{"rendered":"<p>Datenschutzerkl\u00e4rung f\u00fcr Radebeul Diese Datenschutzerkl\u00e4rung liegt jeder Vertragsmappe bei. Auf meiner Website ist nichts aktiviert was ihre Daten speichert. Wenn Sie die Facebookseite anschauen und liken und kommentieren, speichert Facebook Ihre Daten. In diesem Fall bitte die Datenschutzerkl\u00e4rung von Facebook &hellip; <a href=\"https:\/\/www.taekwondo-radebeul.de\/wordpress\/datenschutzerklaerung\/\">Weiterlesen <span class=\"meta-nav\">&rarr;<\/span><\/a><\/p>\n","protected":false},"author":1,"featured_media":0,"parent":0,"menu_order":0,"comment_status":"closed","ping_status":"closed","template":"","meta":[],"_links":{"self":[{"href":"https:\/\/www.taekwondo-radebeul.de\/wordpress\/wp-json\/wp\/v2\/pages\/346"}],"collection":[{"href":"https:\/\/www.taekwondo-radebeul.de\/wordpress\/wp-json\/wp\/v2\/pages"}],"about":[{"href":"https:\/\/www.taekwondo-radebeul.de\/wordpress\/wp-json\/wp\/v2\/types\/page"}],"author":[{"embeddable":true,"href":"https:\/\/www.taekwondo-radebeul.de\/wordpress\/wp-json\/wp\/v2\/users\/1"}],"replies":[{"embeddable":true,"href":"https:\/\/www.taekwondo-radebeul.de\/wordpress\/wp-json\/wp\/v2\/comments?post=346"}],"version-history":[{"count":7,"href":"https:\/\/www.taekwondo-radebeul.de\/wordpress\/wp-json\/wp\/v2\/pages\/346\/revisions"}],"predecessor-version":[{"id":716,"href":"https:\/\/www.taekwondo-radebeul.de\/wordpress\/wp-json\/wp\/v2\/pages\/346\/revisions\/716"}],"wp:attachment":[{"href":"https:\/\/www.taekwondo-radebeul.de\/wordpress\/wp-json\/wp\/v2\/media?parent=346"}],"curies":[{"name":"wp","href":"https:\/\/api.w.org\/{rel}","templated":true}]}}