{"id":36,"date":"2012-03-16T16:10:37","date_gmt":"2012-03-16T16:10:37","guid":{"rendered":"http:\/\/www.taekwondo-radebeul.de\/wordpress\/?page_id=36"},"modified":"2023-02-24T13:12:11","modified_gmt":"2023-02-24T13:12:11","slug":"impressum","status":"publish","type":"page","link":"https:\/\/www.taekwondo-radebeul.de\/wordpress\/impressum\/","title":{"rendered":"Impressum"},"content":{"rendered":"\n<p>Die 1. Taekwondoschule Radebeul ist eine vom Freistaat anerkannte Ausbildungsst\u00e4tte.<\/p>\n\n\n\n<figure class=\"wp-block-image\"><img decoding=\"async\" loading=\"lazy\" width=\"220\" height=\"249\" src=\"http:\/\/www.taekwondo-radebeul.de\/wordpress\/wp-content\/uploads\/2012\/03\/Lizzy2zuschnitt_frei.png\" alt=\"\" class=\"wp-image-59\"\/><\/figure>\n\n\n\n<p>Dies ist eine offizielle Website der Taekwon-Do Schule Radebeul.<\/p>\n\n\n\n<p>Ansprechpartnerin:<br>Maria Elisabeth Jahnke<br>0162-2580912<\/p>\n\n\n\n<p>Seit 01.06.2019 ist die Anschrift folgende:<\/p>\n\n\n\n<p>1. Taekwondoschule Radebeul, Gartenstra\u00dfe 70, 01445 Radebeul<\/p>\n\n\n\n<p>Inhaberin:<br>Maria Elisabeth Jahnke<\/p>\n\n\n\n<p>Gerichtsstand: Dresden<\/p>\n\n\n\n<p>Die URL lautet: www.taekwondo-radebeul.de<\/p>\n\n\n\n<p>Urheberrecht:<br>Alle auf diesen Seiten ver\u00f6ffentlichten Texte, und Darstellungen sind Urheberrechtlich gesch\u00fctzt. Verwertungen jeder Art, sowohl in gedruckter als auch in elektronischer Form bed\u00fcrfen der ausdr\u00fccklichen schriftlichen Genehmigung!<\/p>\n\n\n\n<p>Links:<br>Mit Urteil vom 12. Mai 1998 hat das Landgericht Hamburg entschieden, da\u00df man durch die Anbringung eines Links die Inhalte der gelinkten Seite ggf. mit zu verantworten hat. Dies kann, so das Landgericht, nur dadurch verhindert werden, da\u00df man sich ausdr\u00fccklich von diesen Inhalten distanziert. Ich habe auf einigen Seiten dieser Website Links zu anderen Seiten im Internet gelegt.<br>Hiermit weise ich ausdr\u00fccklich darauf hinweisen, da\u00df ich keinerlei Einflu\u00df auf die Gestaltung und die Inhalte der gelinkten Seiten haben.<br>Deshalb distanziere ich mich hiermit ausdr\u00fccklich von allen Inhalten aller gelinkten Seiten dieser Homepage und machen mir deren Inhalte nicht zu eigen. Diese Erkl\u00e4rung gilt f\u00fcr alle auf dieser Website angebrachten Links!<\/p>\n","protected":false},"excerpt":{"rendered":"<p>Die 1. Taekwondoschule Radebeul ist eine vom Freistaat anerkannte Ausbildungsst\u00e4tte. Dies ist eine offizielle Website der Taekwon-Do Schule Radebeul. Ansprechpartnerin:Maria Elisabeth Jahnke0162-2580912 Seit 01.06.2019 ist die Anschrift folgende: 1. Taekwondoschule Radebeul, Gartenstra\u00dfe 70, 01445 Radebeul Inhaberin:Maria Elisabeth Jahnke Gerichtsstand: Dresden &hellip; <a href=\"https:\/\/www.taekwondo-radebeul.de\/wordpress\/impressum\/\">Weiterlesen <span class=\"meta-nav\">&rarr;<\/span><\/a><\/p>\n","protected":false},"author":1,"featured_media":0,"parent":0,"menu_order":4,"comment_status":"closed","ping_status":"closed","template":"","meta":[],"_links":{"self":[{"href":"https:\/\/www.taekwondo-radebeul.de\/wordpress\/wp-json\/wp\/v2\/pages\/36"}],"collection":[{"href":"https:\/\/www.taekwondo-radebeul.de\/wordpress\/wp-json\/wp\/v2\/pages"}],"about":[{"href":"https:\/\/www.taekwondo-radebeul.de\/wordpress\/wp-json\/wp\/v2\/types\/page"}],"author":[{"embeddable":true,"href":"https:\/\/www.taekwondo-radebeul.de\/wordpress\/wp-json\/wp\/v2\/users\/1"}],"replies":[{"embeddable":true,"href":"https:\/\/www.taekwondo-radebeul.de\/wordpress\/wp-json\/wp\/v2\/comments?post=36"}],"version-history":[{"count":16,"href":"https:\/\/www.taekwondo-radebeul.de\/wordpress\/wp-json\/wp\/v2\/pages\/36\/revisions"}],"predecessor-version":[{"id":705,"href":"https:\/\/www.taekwondo-radebeul.de\/wordpress\/wp-json\/wp\/v2\/pages\/36\/revisions\/705"}],"wp:attachment":[{"href":"https:\/\/www.taekwondo-radebeul.de\/wordpress\/wp-json\/wp\/v2\/media?parent=36"}],"curies":[{"name":"wp","href":"https:\/\/api.w.org\/{rel}","templated":true}]}}