{"id":693,"date":"2023-02-24T12:59:46","date_gmt":"2023-02-24T12:59:46","guid":{"rendered":"https:\/\/www.taekwondo-radebeul.de\/wordpress\/?page_id=693"},"modified":"2023-02-24T14:04:20","modified_gmt":"2023-02-24T14:04:20","slug":"herzlich-willkommen","status":"publish","type":"page","link":"https:\/\/www.taekwondo-radebeul.de\/wordpress\/","title":{"rendered":"Herzlich Willkommen in der 1.Traditionellen Taekwon-Do Schule in Radebeul, auf der Gartenstrasse 70!"},"content":{"rendered":"\n<p><strong>Mein Name ist Elisabeth Jahnke, 4. Dan, ich bin die Inhaberin der 1.Traditionellen Taekwon-Do Schule und begr\u00fc\u00dfe Sie ganz herzlich auf meiner Website.<\/strong><\/p>\n\n\n\n<p><strong>Die 1.Traditionelle Taekwon-Do Schule Radebeul ist eine vom Freistaat Sachsen anerkannte Ausbildungsst\u00e4tte.<\/strong><\/p>\n\n\n\n<p>Hier k\u00f6nnen Sie sich einen ersten \u00dcberblick \u00fcber die R\u00e4umlichkeiten der 1.Traditionellen Taekwon-Do Schule Radebeul verschaffen. Nehmen Sie telefonisch\/per Mail Kontakt auf oder kommen Sie einfach zu den Trainingszeiten vorbei und probieren diese faszinierende Kampfkunst bei <strong>zwei<\/strong> kostenfreien Probestunden aus.<\/p>\n\n\n\n<p>Sie m\u00f6chten selbst Kurse geben, in Yoga, Pilates, Fitness oder Tanz und suchen geeignete R\u00e4umlichkeiten ?<\/p>\n\n\n\n<hr class=\"wp-block-separator has-alpha-channel-opacity\"\/>\n\n\n\n<p>Haben Sie Fragen ?<\/p>\n\n\n\n<p>Rufen Sie jederzeit gern unter <strong>01622580912<\/strong> an.<\/p>\n\n\n\n<p>Oder schreiben Sie ein Mail an <strong>taekwondo-radebeul@web.de<\/strong><\/p>\n\n\n\n<hr class=\"wp-block-separator has-alpha-channel-opacity\"\/>\n\n\n\n<p>Kommen Sie zum kostenlosen Probetraining und erleben Sie diese Sie faszinierende Kampfkunst!<\/p>\n\n\n\n<figure class=\"wp-block-image size-large\"><img decoding=\"async\" loading=\"lazy\" width=\"1024\" height=\"768\" src=\"http:\/\/www.taekwondo-radebeul.de\/wordpress\/wp-content\/uploads\/2019\/10\/P8310081-1024x768.jpg\" alt=\"\" class=\"wp-image-430\" srcset=\"https:\/\/www.taekwondo-radebeul.de\/wordpress\/wp-content\/uploads\/2019\/10\/P8310081-1024x768.jpg 1024w, https:\/\/www.taekwondo-radebeul.de\/wordpress\/wp-content\/uploads\/2019\/10\/P8310081-300x225.jpg 300w, https:\/\/www.taekwondo-radebeul.de\/wordpress\/wp-content\/uploads\/2019\/10\/P8310081-768x576.jpg 768w, https:\/\/www.taekwondo-radebeul.de\/wordpress\/wp-content\/uploads\/2019\/10\/P8310081-400x300.jpg 400w, https:\/\/www.taekwondo-radebeul.de\/wordpress\/wp-content\/uploads\/2019\/10\/P8310081.jpg 2048w\" sizes=\"(max-width: 1024px) 100vw, 1024px\" \/><\/figure>\n\n\n\n<figure class=\"wp-block-image size-large\"><img decoding=\"async\" loading=\"lazy\" width=\"1024\" height=\"576\" src=\"http:\/\/www.taekwondo-radebeul.de\/wordpress\/wp-content\/uploads\/2012\/03\/20230122_092551-1024x576.jpg\" alt=\"\" class=\"wp-image-652\" srcset=\"https:\/\/www.taekwondo-radebeul.de\/wordpress\/wp-content\/uploads\/2012\/03\/20230122_092551-1024x576.jpg 1024w, https:\/\/www.taekwondo-radebeul.de\/wordpress\/wp-content\/uploads\/2012\/03\/20230122_092551-300x169.jpg 300w, https:\/\/www.taekwondo-radebeul.de\/wordpress\/wp-content\/uploads\/2012\/03\/20230122_092551-768x432.jpg 768w, https:\/\/www.taekwondo-radebeul.de\/wordpress\/wp-content\/uploads\/2012\/03\/20230122_092551-500x281.jpg 500w\" sizes=\"(max-width: 1024px) 100vw, 1024px\" \/><\/figure>\n\n\n\n<figure class=\"wp-block-image size-large\"><img decoding=\"async\" loading=\"lazy\" width=\"1024\" height=\"768\" src=\"http:\/\/www.taekwondo-radebeul.de\/wordpress\/wp-content\/uploads\/2019\/10\/20190831_174023_003_01-1024x768.jpg\" alt=\"\" class=\"wp-image-428\" srcset=\"https:\/\/www.taekwondo-radebeul.de\/wordpress\/wp-content\/uploads\/2019\/10\/20190831_174023_003_01-1024x768.jpg 1024w, https:\/\/www.taekwondo-radebeul.de\/wordpress\/wp-content\/uploads\/2019\/10\/20190831_174023_003_01-300x225.jpg 300w, https:\/\/www.taekwondo-radebeul.de\/wordpress\/wp-content\/uploads\/2019\/10\/20190831_174023_003_01-768x576.jpg 768w, https:\/\/www.taekwondo-radebeul.de\/wordpress\/wp-content\/uploads\/2019\/10\/20190831_174023_003_01-400x300.jpg 400w\" sizes=\"(max-width: 1024px) 100vw, 1024px\" \/><\/figure>\n","protected":false},"excerpt":{"rendered":"<p>Mein Name ist Elisabeth Jahnke, 4. Dan, ich bin die Inhaberin der 1.Traditionellen Taekwon-Do Schule und begr\u00fc\u00dfe Sie ganz herzlich auf meiner Website. Die 1.Traditionelle Taekwon-Do Schule Radebeul ist eine vom Freistaat Sachsen anerkannte Ausbildungsst\u00e4tte. Hier k\u00f6nnen Sie sich einen &hellip; <a href=\"https:\/\/www.taekwondo-radebeul.de\/wordpress\/\">Weiterlesen <span class=\"meta-nav\">&rarr;<\/span><\/a><\/p>\n","protected":false},"author":1,"featured_media":0,"parent":0,"menu_order":0,"comment_status":"closed","ping_status":"closed","template":"","meta":[],"_links":{"self":[{"href":"https:\/\/www.taekwondo-radebeul.de\/wordpress\/wp-json\/wp\/v2\/pages\/693"}],"collection":[{"href":"https:\/\/www.taekwondo-radebeul.de\/wordpress\/wp-json\/wp\/v2\/pages"}],"about":[{"href":"https:\/\/www.taekwondo-radebeul.de\/wordpress\/wp-json\/wp\/v2\/types\/page"}],"author":[{"embeddable":true,"href":"https:\/\/www.taekwondo-radebeul.de\/wordpress\/wp-json\/wp\/v2\/users\/1"}],"replies":[{"embeddable":true,"href":"https:\/\/www.taekwondo-radebeul.de\/wordpress\/wp-json\/wp\/v2\/comments?post=693"}],"version-history":[{"count":3,"href":"https:\/\/www.taekwondo-radebeul.de\/wordpress\/wp-json\/wp\/v2\/pages\/693\/revisions"}],"predecessor-version":[{"id":697,"href":"https:\/\/www.taekwondo-radebeul.de\/wordpress\/wp-json\/wp\/v2\/pages\/693\/revisions\/697"}],"wp:attachment":[{"href":"https:\/\/www.taekwondo-radebeul.de\/wordpress\/wp-json\/wp\/v2\/media?parent=693"}],"curies":[{"name":"wp","href":"https:\/\/api.w.org\/{rel}","templated":true}]}}